{"id":10,"date":"2024-02-09T17:35:42","date_gmt":"2024-02-09T16:35:42","guid":{"rendered":"http:\/\/mhally.fr\/?page_id=10"},"modified":"2025-12-26T12:18:22","modified_gmt":"2025-12-26T11:18:22","slug":"accueil","status":"publish","type":"page","link":"https:\/\/mhally.fr\/","title":{"rendered":"Accueil"},"content":{"rendered":"\n<p><\/p>\n\n\n\n<figure class=\"wp-block-image size-full\"><img loading=\"lazy\" decoding=\"async\" width=\"892\" height=\"600\" src=\"https:\/\/mhally.fr\/wp-content\/uploads\/2025\/12\/joyeuses-fetes-grdm-auto-1.jpg\" alt=\"\" class=\"wp-image-431\" srcset=\"https:\/\/mhally.fr\/wp-content\/uploads\/2025\/12\/joyeuses-fetes-grdm-auto-1.jpg 892w, https:\/\/mhally.fr\/wp-content\/uploads\/2025\/12\/joyeuses-fetes-grdm-auto-1-300x202.jpg 300w, https:\/\/mhally.fr\/wp-content\/uploads\/2025\/12\/joyeuses-fetes-grdm-auto-1-768x517.jpg 768w\" sizes=\"auto, (max-width: 892px) 100vw, 892px\" \/><\/figure>\n\n\n\n<p><\/p>\n\n\n\n<h2 class=\"wp-block-heading\">Mhally Coaching vous accompagne<\/h2>\n\n\n\n<p>Mhally propose des interventions dans trois orientations :<\/p>\n\n\n\n<ul class=\"wp-block-list\">\n<li>L\u2019accompagnement dans la recherche de l\u2019utilisation juste et optimis\u00e9e de votre voix et de votre corps pour gagner en confiance en vous et en aisance pour communiquer, vous exprimer, chanter seul.e ou \u00e0 plusieurs (gr\u00e2ce \u00e0 du coaching individuel et en groupe restreint et\/ou \u00e0 la direction de ch\u0153ur).<\/li>\n<\/ul>\n\n\n\n<figure class=\"wp-block-gallery has-nested-images columns-5 is-cropped wp-block-gallery-1 is-layout-flex wp-block-gallery-is-layout-flex\">\n<figure data-wp-context=\"{&quot;imageId&quot;:&quot;69e753d470ef4&quot;}\" data-wp-interactive=\"core\/image\" data-wp-key=\"69e753d470ef4\" class=\"wp-block-image size-large is-style-rounded wp-lightbox-container\"><img loading=\"lazy\" decoding=\"async\" width=\"1024\" height=\"768\" data-wp-class--hide=\"state.isContentHidden\" data-wp-class--show=\"state.isContentVisible\" data-wp-init=\"callbacks.setButtonStyles\" data-wp-on--click=\"actions.showLightbox\" data-wp-on--load=\"callbacks.setButtonStyles\" data-wp-on-window--resize=\"callbacks.setButtonStyles\" data-id=\"168\" src=\"http:\/\/mhally.fr\/wp-content\/uploads\/2024\/03\/IMG-20240218-WA0007-2-1024x768.jpg\" alt=\"\" class=\"wp-image-168\" srcset=\"https:\/\/mhally.fr\/wp-content\/uploads\/2024\/03\/IMG-20240218-WA0007-2-1024x768.jpg 1024w, https:\/\/mhally.fr\/wp-content\/uploads\/2024\/03\/IMG-20240218-WA0007-2-300x225.jpg 300w, https:\/\/mhally.fr\/wp-content\/uploads\/2024\/03\/IMG-20240218-WA0007-2-768x576.jpg 768w, https:\/\/mhally.fr\/wp-content\/uploads\/2024\/03\/IMG-20240218-WA0007-2-1536x1152.jpg 1536w, https:\/\/mhally.fr\/wp-content\/uploads\/2024\/03\/IMG-20240218-WA0007-2-1140x855.jpg 1140w, https:\/\/mhally.fr\/wp-content\/uploads\/2024\/03\/IMG-20240218-WA0007-2.jpg 2000w\" sizes=\"auto, (max-width: 1024px) 100vw, 1024px\" \/><button\n\t\t\tclass=\"lightbox-trigger\"\n\t\t\ttype=\"button\"\n\t\t\taria-haspopup=\"dialog\"\n\t\t\taria-label=\"Agrandir\"\n\t\t\tdata-wp-init=\"callbacks.initTriggerButton\"\n\t\t\tdata-wp-on--click=\"actions.showLightbox\"\n\t\t\tdata-wp-style--right=\"state.imageButtonRight\"\n\t\t\tdata-wp-style--top=\"state.imageButtonTop\"\n\t\t>\n\t\t\t<svg xmlns=\"http:\/\/www.w3.org\/2000\/svg\" width=\"12\" height=\"12\" fill=\"none\" viewBox=\"0 0 12 12\">\n\t\t\t\t<path fill=\"#fff\" d=\"M2 0a2 2 0 0 0-2 2v2h1.5V2a.5.5 0 0 1 .5-.5h2V0H2Zm2 10.5H2a.5.5 0 0 1-.5-.5V8H0v2a2 2 0 0 0 2 2h2v-1.5ZM8 12v-1.5h2a.5.5 0 0 0 .5-.5V8H12v2a2 2 0 0 1-2 2H8Zm2-12a2 2 0 0 1 2 2v2h-1.5V2a.5.5 0 0 0-.5-.5H8V0h2Z\" \/>\n\t\t\t<\/svg>\n\t\t<\/button><\/figure>\n\n\n\n<figure data-wp-context=\"{&quot;imageId&quot;:&quot;69e753d47167b&quot;}\" data-wp-interactive=\"core\/image\" data-wp-key=\"69e753d47167b\" class=\"wp-block-image size-large is-style-rounded wp-lightbox-container\"><img loading=\"lazy\" decoding=\"async\" width=\"576\" height=\"1024\" data-wp-class--hide=\"state.isContentHidden\" data-wp-class--show=\"state.isContentVisible\" data-wp-init=\"callbacks.setButtonStyles\" data-wp-on--click=\"actions.showLightbox\" data-wp-on--load=\"callbacks.setButtonStyles\" data-wp-on-window--resize=\"callbacks.setButtonStyles\" data-id=\"167\" src=\"http:\/\/mhally.fr\/wp-content\/uploads\/2024\/03\/8-1-576x1024.jpg\" alt=\"\" class=\"wp-image-167\" srcset=\"https:\/\/mhally.fr\/wp-content\/uploads\/2024\/03\/8-1-576x1024.jpg 576w, https:\/\/mhally.fr\/wp-content\/uploads\/2024\/03\/8-1-169x300.jpg 169w, https:\/\/mhally.fr\/wp-content\/uploads\/2024\/03\/8-1-768x1365.jpg 768w, https:\/\/mhally.fr\/wp-content\/uploads\/2024\/03\/8-1-864x1536.jpg 864w, https:\/\/mhally.fr\/wp-content\/uploads\/2024\/03\/8-1.jpg 1134w\" sizes=\"auto, (max-width: 576px) 100vw, 576px\" \/><button\n\t\t\tclass=\"lightbox-trigger\"\n\t\t\ttype=\"button\"\n\t\t\taria-haspopup=\"dialog\"\n\t\t\taria-label=\"Agrandir\"\n\t\t\tdata-wp-init=\"callbacks.initTriggerButton\"\n\t\t\tdata-wp-on--click=\"actions.showLightbox\"\n\t\t\tdata-wp-style--right=\"state.imageButtonRight\"\n\t\t\tdata-wp-style--top=\"state.imageButtonTop\"\n\t\t>\n\t\t\t<svg xmlns=\"http:\/\/www.w3.org\/2000\/svg\" width=\"12\" height=\"12\" fill=\"none\" viewBox=\"0 0 12 12\">\n\t\t\t\t<path fill=\"#fff\" d=\"M2 0a2 2 0 0 0-2 2v2h1.5V2a.5.5 0 0 1 .5-.5h2V0H2Zm2 10.5H2a.5.5 0 0 1-.5-.5V8H0v2a2 2 0 0 0 2 2h2v-1.5ZM8 12v-1.5h2a.5.5 0 0 0 .5-.5V8H12v2a2 2 0 0 1-2 2H8Zm2-12a2 2 0 0 1 2 2v2h-1.5V2a.5.5 0 0 0-.5-.5H8V0h2Z\" \/>\n\t\t\t<\/svg>\n\t\t<\/button><\/figure>\n\n\n\n<figure class=\"wp-block-image size-large is-style-rounded\"><img loading=\"lazy\" decoding=\"async\" width=\"768\" height=\"1024\" data-id=\"174\" src=\"http:\/\/mhally.fr\/wp-content\/uploads\/2024\/03\/IMG-20240218-WA0004-768x1024.jpg\" alt=\"\" class=\"wp-image-174\" srcset=\"https:\/\/mhally.fr\/wp-content\/uploads\/2024\/03\/IMG-20240218-WA0004-768x1024.jpg 768w, https:\/\/mhally.fr\/wp-content\/uploads\/2024\/03\/IMG-20240218-WA0004-225x300.jpg 225w, https:\/\/mhally.fr\/wp-content\/uploads\/2024\/03\/IMG-20240218-WA0004-1152x1536.jpg 1152w, https:\/\/mhally.fr\/wp-content\/uploads\/2024\/03\/IMG-20240218-WA0004-1140x1520.jpg 1140w, https:\/\/mhally.fr\/wp-content\/uploads\/2024\/03\/IMG-20240218-WA0004.jpg 1500w\" sizes=\"auto, (max-width: 768px) 100vw, 768px\" \/><\/figure>\n\n\n\n<figure class=\"wp-block-image size-large is-style-rounded\"><img loading=\"lazy\" decoding=\"async\" width=\"1024\" height=\"682\" data-id=\"172\" src=\"http:\/\/mhally.fr\/wp-content\/uploads\/2024\/03\/7-1024x682.jpg\" alt=\"\" class=\"wp-image-172\" srcset=\"https:\/\/mhally.fr\/wp-content\/uploads\/2024\/03\/7-1024x682.jpg 1024w, https:\/\/mhally.fr\/wp-content\/uploads\/2024\/03\/7-300x200.jpg 300w, https:\/\/mhally.fr\/wp-content\/uploads\/2024\/03\/7-768x512.jpg 768w, https:\/\/mhally.fr\/wp-content\/uploads\/2024\/03\/7-1536x1023.jpg 1536w, https:\/\/mhally.fr\/wp-content\/uploads\/2024\/03\/7-1140x760.jpg 1140w, https:\/\/mhally.fr\/wp-content\/uploads\/2024\/03\/7.jpg 1600w\" sizes=\"auto, (max-width: 1024px) 100vw, 1024px\" \/><\/figure>\n\n\n\n<figure class=\"wp-block-image size-large is-style-rounded\"><img loading=\"lazy\" decoding=\"async\" width=\"1024\" height=\"682\" data-id=\"175\" src=\"http:\/\/mhally.fr\/wp-content\/uploads\/2024\/03\/2-2-1024x682.jpg\" alt=\"\" class=\"wp-image-175\" srcset=\"https:\/\/mhally.fr\/wp-content\/uploads\/2024\/03\/2-2-1024x682.jpg 1024w, https:\/\/mhally.fr\/wp-content\/uploads\/2024\/03\/2-2-300x200.jpg 300w, https:\/\/mhally.fr\/wp-content\/uploads\/2024\/03\/2-2-768x512.jpg 768w, https:\/\/mhally.fr\/wp-content\/uploads\/2024\/03\/2-2-1536x1023.jpg 1536w, https:\/\/mhally.fr\/wp-content\/uploads\/2024\/03\/2-2-1140x760.jpg 1140w, https:\/\/mhally.fr\/wp-content\/uploads\/2024\/03\/2-2.jpg 1600w\" sizes=\"auto, (max-width: 1024px) 100vw, 1024px\" \/><\/figure>\n<\/figure>\n\n\n\n<ul class=\"wp-block-list\">\n<li>Des interventions pour cr\u00e9er ou entretenir la coh\u00e9sion d&rsquo;\u00e9quipe gr\u00e2ce \u00e0 des ateliers autour du corps et de la voix (jeux de r\u00f4le, chant chorale, percussions corporelles, jeux rythmiques, jeux vocaux&#8230;)<\/li>\n<\/ul>\n\n\n\n<p><o-anim-typing><span style=\"white-space: pre-wrap; visibility: hidden;\"><\/span><\/o-anim-typing><\/p>\n\n\n\n<figure class=\"wp-block-gallery has-nested-images columns-default is-cropped wp-block-gallery-2 is-layout-flex wp-block-gallery-is-layout-flex\">\n<figure data-wp-context=\"{&quot;imageId&quot;:&quot;69e753d4729e9&quot;}\" data-wp-interactive=\"core\/image\" data-wp-key=\"69e753d4729e9\" class=\"wp-block-image size-large is-style-rounded wp-lightbox-container\"><img loading=\"lazy\" decoding=\"async\" width=\"1536\" height=\"2048\" data-wp-class--hide=\"state.isContentHidden\" data-wp-class--show=\"state.isContentVisible\" data-wp-init=\"callbacks.setButtonStyles\" data-wp-on--click=\"actions.showLightbox\" data-wp-on--load=\"callbacks.setButtonStyles\" data-wp-on-window--resize=\"callbacks.setButtonStyles\" data-id=\"153\" src=\"http:\/\/mhally.fr\/wp-content\/uploads\/2024\/03\/4-768x1024.jpg\" alt=\"\" class=\"wp-image-153\" srcset=\"https:\/\/mhally.fr\/wp-content\/uploads\/2024\/03\/4-768x1024.jpg 768w, https:\/\/mhally.fr\/wp-content\/uploads\/2024\/03\/4-225x300.jpg 225w, https:\/\/mhally.fr\/wp-content\/uploads\/2024\/03\/4-1152x1536.jpg 1152w, https:\/\/mhally.fr\/wp-content\/uploads\/2024\/03\/4-1140x1520.jpg 1140w, https:\/\/mhally.fr\/wp-content\/uploads\/2024\/03\/4.jpg 1536w\" sizes=\"auto, (max-width: 1536px) 100vw, 1536px\" \/><button\n\t\t\tclass=\"lightbox-trigger\"\n\t\t\ttype=\"button\"\n\t\t\taria-haspopup=\"dialog\"\n\t\t\taria-label=\"Agrandir\"\n\t\t\tdata-wp-init=\"callbacks.initTriggerButton\"\n\t\t\tdata-wp-on--click=\"actions.showLightbox\"\n\t\t\tdata-wp-style--right=\"state.imageButtonRight\"\n\t\t\tdata-wp-style--top=\"state.imageButtonTop\"\n\t\t>\n\t\t\t<svg xmlns=\"http:\/\/www.w3.org\/2000\/svg\" width=\"12\" height=\"12\" fill=\"none\" viewBox=\"0 0 12 12\">\n\t\t\t\t<path fill=\"#fff\" d=\"M2 0a2 2 0 0 0-2 2v2h1.5V2a.5.5 0 0 1 .5-.5h2V0H2Zm2 10.5H2a.5.5 0 0 1-.5-.5V8H0v2a2 2 0 0 0 2 2h2v-1.5ZM8 12v-1.5h2a.5.5 0 0 0 .5-.5V8H12v2a2 2 0 0 1-2 2H8Zm2-12a2 2 0 0 1 2 2v2h-1.5V2a.5.5 0 0 0-.5-.5H8V0h2Z\" \/>\n\t\t\t<\/svg>\n\t\t<\/button><\/figure>\n\n\n\n<figure data-wp-context=\"{&quot;imageId&quot;:&quot;69e753d4730f9&quot;}\" data-wp-interactive=\"core\/image\" data-wp-key=\"69e753d4730f9\" class=\"wp-block-image size-large is-style-rounded wp-lightbox-container\"><img loading=\"lazy\" decoding=\"async\" width=\"1024\" height=\"576\" data-wp-class--hide=\"state.isContentHidden\" data-wp-class--show=\"state.isContentVisible\" data-wp-init=\"callbacks.setButtonStyles\" data-wp-on--click=\"actions.showLightbox\" data-wp-on--load=\"callbacks.setButtonStyles\" data-wp-on-window--resize=\"callbacks.setButtonStyles\" data-id=\"170\" src=\"http:\/\/mhally.fr\/wp-content\/uploads\/2024\/03\/20181111_161207-1024x576.jpg\" alt=\"\" class=\"wp-image-170\" srcset=\"https:\/\/mhally.fr\/wp-content\/uploads\/2024\/03\/20181111_161207-1024x576.jpg 1024w, https:\/\/mhally.fr\/wp-content\/uploads\/2024\/03\/20181111_161207-300x169.jpg 300w, https:\/\/mhally.fr\/wp-content\/uploads\/2024\/03\/20181111_161207-768x432.jpg 768w, https:\/\/mhally.fr\/wp-content\/uploads\/2024\/03\/20181111_161207-1536x864.jpg 1536w, https:\/\/mhally.fr\/wp-content\/uploads\/2024\/03\/20181111_161207-2048x1152.jpg 2048w, https:\/\/mhally.fr\/wp-content\/uploads\/2024\/03\/20181111_161207-1140x641.jpg 1140w\" sizes=\"auto, (max-width: 1024px) 100vw, 1024px\" \/><button\n\t\t\tclass=\"lightbox-trigger\"\n\t\t\ttype=\"button\"\n\t\t\taria-haspopup=\"dialog\"\n\t\t\taria-label=\"Agrandir\"\n\t\t\tdata-wp-init=\"callbacks.initTriggerButton\"\n\t\t\tdata-wp-on--click=\"actions.showLightbox\"\n\t\t\tdata-wp-style--right=\"state.imageButtonRight\"\n\t\t\tdata-wp-style--top=\"state.imageButtonTop\"\n\t\t>\n\t\t\t<svg xmlns=\"http:\/\/www.w3.org\/2000\/svg\" width=\"12\" height=\"12\" fill=\"none\" viewBox=\"0 0 12 12\">\n\t\t\t\t<path fill=\"#fff\" d=\"M2 0a2 2 0 0 0-2 2v2h1.5V2a.5.5 0 0 1 .5-.5h2V0H2Zm2 10.5H2a.5.5 0 0 1-.5-.5V8H0v2a2 2 0 0 0 2 2h2v-1.5ZM8 12v-1.5h2a.5.5 0 0 0 .5-.5V8H12v2a2 2 0 0 1-2 2H8Zm2-12a2 2 0 0 1 2 2v2h-1.5V2a.5.5 0 0 0-.5-.5H8V0h2Z\" \/>\n\t\t\t<\/svg>\n\t\t<\/button><\/figure>\n\n\n\n<figure class=\"wp-block-image size-large is-style-rounded\"><img loading=\"lazy\" decoding=\"async\" width=\"1024\" height=\"768\" data-id=\"171\" src=\"http:\/\/mhally.fr\/wp-content\/uploads\/2024\/03\/20200209_112047-1024x768.jpg\" alt=\"\" class=\"wp-image-171\" srcset=\"https:\/\/mhally.fr\/wp-content\/uploads\/2024\/03\/20200209_112047-1024x768.jpg 1024w, https:\/\/mhally.fr\/wp-content\/uploads\/2024\/03\/20200209_112047-300x225.jpg 300w, https:\/\/mhally.fr\/wp-content\/uploads\/2024\/03\/20200209_112047-768x576.jpg 768w, https:\/\/mhally.fr\/wp-content\/uploads\/2024\/03\/20200209_112047-1536x1152.jpg 1536w, https:\/\/mhally.fr\/wp-content\/uploads\/2024\/03\/20200209_112047-2048x1536.jpg 2048w, https:\/\/mhally.fr\/wp-content\/uploads\/2024\/03\/20200209_112047-1140x855.jpg 1140w\" sizes=\"auto, (max-width: 1024px) 100vw, 1024px\" \/><\/figure>\n<\/figure>\n\n\n\n<ul class=\"wp-block-list\">\n<li>L\u2019animation chant\u00e9e de vos \u00e9v\u00e9nements (familiaux tels que mariage civil et\/ou religieux, vin d\u2019honneur, bapt\u00eame, anniversaire\u2026 et\/ou professionnels tels que soir\u00e9e d\u2019entreprise, s\u00e9minaires\u2026).<\/li>\n<\/ul>\n\n\n\n<figure class=\"wp-block-gallery has-nested-images columns-2 is-cropped wp-block-gallery-3 is-layout-flex wp-block-gallery-is-layout-flex\">\n<figure class=\"wp-block-image size-large is-style-rounded\"><img loading=\"lazy\" decoding=\"async\" width=\"1024\" height=\"818\" data-id=\"150\" src=\"https:\/\/mhally.fr\/wp-content\/uploads\/2024\/03\/5-1024x818.jpg\" alt=\"\" class=\"wp-image-150\" srcset=\"https:\/\/mhally.fr\/wp-content\/uploads\/2024\/03\/5-1024x818.jpg 1024w, https:\/\/mhally.fr\/wp-content\/uploads\/2024\/03\/5-300x240.jpg 300w, https:\/\/mhally.fr\/wp-content\/uploads\/2024\/03\/5-768x614.jpg 768w, https:\/\/mhally.fr\/wp-content\/uploads\/2024\/03\/5-1140x911.jpg 1140w, https:\/\/mhally.fr\/wp-content\/uploads\/2024\/03\/5.jpg 1452w\" sizes=\"auto, (max-width: 1024px) 100vw, 1024px\" \/><figcaption class=\"wp-element-caption\">Photo par Laurent Maillard<\/figcaption><\/figure>\n<\/figure>\n","protected":false},"excerpt":{"rendered":"<p>Mhally Coaching vous accompagne Mhally propose des interventions dans trois orientations :<\/p>\n","protected":false},"author":1,"featured_media":0,"parent":0,"menu_order":0,"comment_status":"open","ping_status":"closed","template":"","meta":{"_themeisle_gutenberg_block_has_review":false,"footnotes":""},"class_list":["post-10","page","type-page","status-publish","hentry"],"_links":{"self":[{"href":"https:\/\/mhally.fr\/index.php\/wp-json\/wp\/v2\/pages\/10","targetHints":{"allow":["GET"]}}],"collection":[{"href":"https:\/\/mhally.fr\/index.php\/wp-json\/wp\/v2\/pages"}],"about":[{"href":"https:\/\/mhally.fr\/index.php\/wp-json\/wp\/v2\/types\/page"}],"author":[{"embeddable":true,"href":"https:\/\/mhally.fr\/index.php\/wp-json\/wp\/v2\/users\/1"}],"replies":[{"embeddable":true,"href":"https:\/\/mhally.fr\/index.php\/wp-json\/wp\/v2\/comments?post=10"}],"version-history":[{"count":25,"href":"https:\/\/mhally.fr\/index.php\/wp-json\/wp\/v2\/pages\/10\/revisions"}],"predecessor-version":[{"id":433,"href":"https:\/\/mhally.fr\/index.php\/wp-json\/wp\/v2\/pages\/10\/revisions\/433"}],"wp:attachment":[{"href":"https:\/\/mhally.fr\/index.php\/wp-json\/wp\/v2\/media?parent=10"}],"curies":[{"name":"wp","href":"https:\/\/api.w.org\/{rel}","templated":true}]}}