{"id":28,"date":"2024-02-22T15:07:19","date_gmt":"2024-02-22T14:07:19","guid":{"rendered":"https:\/\/mhally.fr\/?page_id=28"},"modified":"2024-08-12T13:07:40","modified_gmt":"2024-08-12T11:07:40","slug":"coaching-individuel","status":"publish","type":"page","link":"https:\/\/mhally.fr\/index.php\/coaching-individuel\/","title":{"rendered":"Coaching individuel (pour les particuliers ou dans le cadre professionnel)"},"content":{"rendered":"\n<h4 class=\"wp-block-heading\" style=\"font-style:normal;font-weight:100\"><strong><em>Cette rubrique s&rsquo;adresse aux particuliers et aux entreprises qui souhaiteraient proposer ce type d&rsquo;interventions \u00e0 leurs employ\u00e9.e.s.<\/em><\/strong><\/h4>\n\n\n\n<p class=\"has-text-align-center has-white-color has-text-color has-background has-link-color has-medium-font-size wp-elements-c831e2cdc8af0242ea7e7d4512b878a1\" style=\"background:linear-gradient(135deg,rgb(221,184,146) 0%,rgb(170,105,41) 100%)\"><strong>VOUS AVEZ UN OBJECTIF AVEC UNE DATE BUTOIR<\/strong><\/p>\n\n\n\n<p>Vous devez \u00eatre pr\u00eat.e.s pour<\/p>\n\n\n\n<ul class=\"wp-block-list\">\n<li>interpr\u00e9ter une chanson pour un \u00e9v\u00e9nement planifi\u00e9 \u2013 mariage (que vous soyez la\/le mari\u00e9-e ou un.e invit\u00e9.e), concert, anniversaire, spectacle de th\u00e9\u00e2tre\u2026<\/li>\n\n\n\n<li>vous pr\u00e9senter \u00e0 une audition pour un ch\u0153ur<\/li>\n\n\n\n<li>pr\u00e9parer un oral d\u2019examen ou une intervention orale en terme de posture vocale<\/li>\n\n\n\n<li>\u2026<\/li>\n<\/ul>\n\n\n\n<p>Je vous propose des s\u00e9ances individuelles ou en groupe restreint s\u2019il s\u2019agit d\u2019un projet commun \u00e0 plusieurs personnes (jusqu\u2019\u00e0 4).<\/p>\n\n\n\n<p class=\"has-text-align-center has-white-color has-text-color has-background has-link-color has-medium-font-size wp-elements-d124eb98f1a8d362422e1231aba4025f\" style=\"background:linear-gradient(135deg,rgb(221,184,146) 0%,rgb(170,105,41) 100%)\"><strong>VOUS AVEZ UN OBJECTIF EN TERME DE D\u00c9VELOPPEMENT PERSONNEL<\/strong><\/p>\n\n\n\n<p>Vous souhaitez d\u00e9velopper votre potentiel en communication, votre expressivit\u00e9, votre voix parl\u00e9e et\/ou chant\u00e9e, je vous propose des s\u00e9ances de coaching individuel pour identifier vos points forts et vos axes d\u2019am\u00e9lioration afin de travailler ensemble \u00e0 optimiser vos possibilit\u00e9s.<\/p>\n\n\n\n<p><\/p>\n\n\n\n<p class=\"has-text-align-center has-white-color has-text-color has-background has-link-color has-medium-font-size wp-elements-b42b2b9c8eeef3262632b503d93d7296\" style=\"background:linear-gradient(135deg,rgb(221,184,146) 0%,rgb(170,105,41) 100%)\"><strong>MA D\u00c9MARCHE<\/strong> <strong>AFIN DE VOUS ACCOMPAGNER<\/strong><\/p>\n\n\n\n<p>Quel que soit votre projet, lors de notre premi\u00e8re rencontre, apr\u00e8s quelques exercices, j\u2019identifie et hi\u00e9rarchise les axes d\u2019am\u00e9lioration pour partir de votre potentiel de d\u00e9part. L\u2019objectif est de pouvoir vous donner un \u201c\u00e9tat des lieux\u201d et d\u2019\u00e9valuer dans certains cas la faisabilit\u00e9 de votre projet.<\/p>\n\n\n\n<p>Les s\u00e9ances de 1h, 1h30 ou 2h se d\u00e9roulent comme suit :<\/p>\n\n\n\n<ul class=\"wp-block-list\">\n<li>exercices ciblant les axes d\u2019am\u00e9lioration identifi\u00e9s (posture, respiration, placement vocal, diction, rythme\u2026)<\/li>\n\n\n\n<li>mise en pratique sur un texte fournit par vos soins ou par moi<\/li>\n\n\n\n<li>bilan<\/li>\n<\/ul>\n\n\n\n<p>Je peux me d\u00e9placer ou vous recevoir. Le tarif d\u00e9pendra de ce crit\u00e8re.<\/p>\n\n\n\n<p><strong><em>Avec pour ma\u00eetre mot bienveillance envers soi soyez pr\u00eat\u00b7e\u00b7<\/em>s<em> \u00e0 sortir de votre zone de confort et \u00e0 bousculer l\u2019id\u00e9e que vous vous faites de vos limites et du champ des possibles pour vous.<\/em><\/strong><\/p>\n\n\n\n<p>Pour avoir quelques retours d&rsquo;exp\u00e9rience, rendez-vous <a href=\"https:\/\/optimhally-coaching.fr\/?page_id=30\">ici<\/a><\/p>\n","protected":false},"excerpt":{"rendered":"<p>Cette rubrique s&rsquo;adresse aux particuliers et aux entreprises qui souhaiteraient proposer ce type d&rsquo;interventions \u00e0 leurs employ\u00e9.e.s. VOUS AVEZ UN OBJECTIF AVEC UNE DATE BUTOIR Vous devez \u00eatre pr\u00eat.e.s pour Je vous propose des s\u00e9ances individuelles ou en groupe restreint s\u2019il s\u2019agit d\u2019un projet commun \u00e0 plusieurs personnes (jusqu\u2019\u00e0 4). VOUS AVEZ UN OBJECTIF EN TERME DE D\u00c9VELOPPEMENT PERSONNEL Vous souhaitez d\u00e9velopper votre potentiel en communication, votre expressivit\u00e9, votre voix parl\u00e9e et\/ou chant\u00e9e, je vous propose des s\u00e9ances de coaching individuel pour identifier vos points forts et vos axes d\u2019am\u00e9lioration afin de travailler ensemble \u00e0 optimiser vos possibilit\u00e9s. MA D\u00c9MARCHE AFIN DE VOUS ACCOMPAGNER Quel que soit votre projet, lors de notre premi\u00e8re rencontre, apr\u00e8s quelques exercices, j\u2019identifie et hi\u00e9rarchise les axes d\u2019am\u00e9lioration pour partir de votre potentiel de d\u00e9part. L\u2019objectif est de pouvoir vous donner un \u201c\u00e9tat des lieux\u201d et d\u2019\u00e9valuer dans certains cas la faisabilit\u00e9 de votre projet. Les s\u00e9ances de 1h, 1h30 ou 2h se d\u00e9roulent comme suit : Je peux me d\u00e9placer ou vous recevoir. Le tarif d\u00e9pendra de ce crit\u00e8re. Avec pour ma\u00eetre mot bienveillance envers soi soyez pr\u00eat\u00b7e\u00b7s \u00e0 sortir de votre zone de confort et \u00e0 bousculer l\u2019id\u00e9e que vous vous faites de vos limites et du champ des possibles pour vous. Pour avoir quelques retours d&rsquo;exp\u00e9rience, rendez-vous ici<\/p>\n","protected":false},"author":1,"featured_media":0,"parent":0,"menu_order":0,"comment_status":"open","ping_status":"closed","template":"","meta":{"_themeisle_gutenberg_block_has_review":false,"footnotes":""},"class_list":["post-28","page","type-page","status-publish","hentry"],"_links":{"self":[{"href":"https:\/\/mhally.fr\/index.php\/wp-json\/wp\/v2\/pages\/28","targetHints":{"allow":["GET"]}}],"collection":[{"href":"https:\/\/mhally.fr\/index.php\/wp-json\/wp\/v2\/pages"}],"about":[{"href":"https:\/\/mhally.fr\/index.php\/wp-json\/wp\/v2\/types\/page"}],"author":[{"embeddable":true,"href":"https:\/\/mhally.fr\/index.php\/wp-json\/wp\/v2\/users\/1"}],"replies":[{"embeddable":true,"href":"https:\/\/mhally.fr\/index.php\/wp-json\/wp\/v2\/comments?post=28"}],"version-history":[{"count":13,"href":"https:\/\/mhally.fr\/index.php\/wp-json\/wp\/v2\/pages\/28\/revisions"}],"predecessor-version":[{"id":342,"href":"https:\/\/mhally.fr\/index.php\/wp-json\/wp\/v2\/pages\/28\/revisions\/342"}],"wp:attachment":[{"href":"https:\/\/mhally.fr\/index.php\/wp-json\/wp\/v2\/media?parent=28"}],"curies":[{"name":"wp","href":"https:\/\/api.w.org\/{rel}","templated":true}]}}