{"id":29,"date":"2024-02-22T15:07:19","date_gmt":"2024-02-22T14:07:19","guid":{"rendered":"https:\/\/mhally.fr\/?page_id=29"},"modified":"2024-08-02T22:55:03","modified_gmt":"2024-08-02T20:55:03","slug":"coaching-de-groupe-et-chorale","status":"publish","type":"page","link":"https:\/\/mhally.fr\/index.php\/coaching-de-groupe-et-chorale\/","title":{"rendered":"Coaching de groupe et chorale"},"content":{"rendered":"\n<p><strong>Vous souhaitez f\u00e9d\u00e9rer vos \u00e9quipes et cr\u00e9er une dynamique de groupe ou  f\u00e9liciter vos \u00e9quipes, Mhally  vous propose des s\u00e9minaires  de team building.<\/strong><\/p>\n\n\n\n<p>Ils seront construits autour de diff\u00e9rentes activit\u00e9s collaboratives, de mise en place de jeux autour de la voix parl\u00e9e et\/ou chant\u00e9e, de l&rsquo;utilisation du corps dans l&rsquo;espace, du chant et de rythmes.<\/p>\n\n\n\n<p>Les ateliers seront \u00e9labor\u00e9s en fonction des besoins et objectifs d\u00e9finis au pr\u00e9alable lors d&rsquo;un entretien.<\/p>\n\n\n\n<p>Les chansons internationales (vari\u00e9t\u00e9 fran\u00e7aise et internationale, jazz, Gospel) seront les principaux supports avec \u00e9galement des cr\u00e9ations rythmiques et jeux d&rsquo;interpr\u00e9tation.<\/p>\n\n\n\n<p>Diff\u00e9rents ateliers peuvent \u00eatre initi\u00e9s :<\/p>\n\n\n\n<p class=\"has-white-color has-text-color has-background has-link-color wp-elements-de86df4fb45647a2e0ae9ccc23ca766a\" style=\"background:linear-gradient(135deg,rgb(221,184,146) 0%,rgba(158,70,8,0.86) 33%,rgb(221,184,146) 100%)\"><strong>Dans diff\u00e9rents lieux :<\/strong><\/p>\n\n\n\n<ul class=\"wp-block-list\">\n<li>\u00e0 l&rsquo;ext\u00e9rieur<\/li>\n\n\n\n<li>dans l&rsquo;entreprise<\/li>\n\n\n\n<li>en int\u00e9rieur<\/li>\n\n\n\n<li>en dehors des locaux de l&rsquo;entreprise<\/li>\n\n\n\n<li>sur plusieurs salles avec rassemblement dans une plus grande salle<\/li>\n\n\n\n<li>tous ensemble dans une m\u00eame salle<\/li>\n<\/ul>\n\n\n\n<p class=\"has-white-color has-text-color has-background has-link-color wp-elements-5479f93379a91e5ffd64b7318831a3bc\" style=\"background:linear-gradient(135deg,rgb(221,184,146) 10%,rgb(149,88,23) 77%)\"><strong>Autour de diverses th\u00e9matiques :<\/strong><\/p>\n\n\n\n<ul class=\"wp-block-list\">\n<li>le souffle<\/li>\n\n\n\n<li>le rythme<\/li>\n\n\n\n<li>la voix<\/li>\n\n\n\n<li>la proximit\u00e9<\/li>\n\n\n\n<li>le l\u00e2cher prise<\/li>\n\n\n\n<li>la confiance en soi<\/li>\n\n\n\n<li>la communication verbale ou\/et non-verbale<\/li>\n\n\n\n<li>la prise de parole en public<\/li>\n\n\n\n<li>le chant (chorale d&rsquo;entreprise, ateliers ponctuels&#8230;)<\/li>\n\n\n\n<li>la gestion du stress<\/li>\n\n\n\n<li>le mouvement<\/li>\n<\/ul>\n\n\n\n<p class=\"has-white-color has-text-color has-background has-link-color wp-elements-ae5cbb66c62b2e847230490ebf703ebe\" style=\"background:linear-gradient(135deg,rgb(221,184,146) 4%,rgb(145,76,15) 89%,rgb(221,184,146) 100%)\"><strong>Sur plusieurs dur\u00e9es (au minimum 1 heure)<\/strong><\/p>\n\n\n\n<ul class=\"wp-block-list\">\n<li>sur le temps de d\u00e9jeuner<\/li>\n\n\n\n<li>en soir\u00e9e<\/li>\n\n\n\n<li>en intervention de 1h, 1h30, 2h<\/li>\n\n\n\n<li>sur une 1\/2 journ\u00e9e<\/li>\n\n\n\n<li>1 journ\u00e9e<\/li>\n\n\n\n<li>sur un week-end<\/li>\n\n\n\n<li>en une ou plusieurs interventions<\/li>\n<\/ul>\n\n\n\n<p><strong><em>Avec pour ma\u00eetre mot bienveillance envers soi et les autres, soyez pr\u00eat\u00b7e\u00b7<\/em>s<em> \u00e0 sortir de votre zone de confort et \u00e0 bousculer l\u2019id\u00e9e que vous vous faites de vos limites et du champ des possibles pour vous.<\/em><\/strong><\/p>\n\n\n\n<p><strong>Le chant chorale quant \u00e0 lui permet de f\u00e9d\u00e9rer, de s&rsquo;exprimer, d&rsquo;ext\u00e9rioriser, de gagner en confiance en soi et de pratiquer le chant avec la force du groupe.<\/strong><\/p>\n\n\n\n<p>Pour avoir quelques retour d&rsquo;exp\u00e9rience, rendez-vous <a href=\"https:\/\/optimhally-coaching.fr\/?page_id=130\">ici<\/a><\/p>\n\n\n\n<figure class=\"wp-block-gallery has-nested-images columns-2 is-cropped wp-block-gallery-1 is-layout-flex wp-block-gallery-is-layout-flex\">\n<figure class=\"wp-block-image size-large\"><img loading=\"lazy\" decoding=\"async\" width=\"1024\" height=\"485\" data-id=\"237\" src=\"http:\/\/mhally.fr\/wp-content\/uploads\/2024\/05\/20230921_Jardin_Olivier-8-1024x485.jpg\" alt=\"\" class=\"wp-image-237\" srcset=\"https:\/\/mhally.fr\/wp-content\/uploads\/2024\/05\/20230921_Jardin_Olivier-8-1024x485.jpg 1024w, https:\/\/mhally.fr\/wp-content\/uploads\/2024\/05\/20230921_Jardin_Olivier-8-300x142.jpg 300w, https:\/\/mhally.fr\/wp-content\/uploads\/2024\/05\/20230921_Jardin_Olivier-8-768x364.jpg 768w, https:\/\/mhally.fr\/wp-content\/uploads\/2024\/05\/20230921_Jardin_Olivier-8-1536x728.jpg 1536w, https:\/\/mhally.fr\/wp-content\/uploads\/2024\/05\/20230921_Jardin_Olivier-8-1140x540.jpg 1140w, https:\/\/mhally.fr\/wp-content\/uploads\/2024\/05\/20230921_Jardin_Olivier-8.jpg 2048w\" sizes=\"auto, (max-width: 1024px) 100vw, 1024px\" \/><\/figure>\n\n\n\n<figure class=\"wp-block-image size-large\"><img loading=\"lazy\" decoding=\"async\" width=\"1024\" height=\"683\" data-id=\"236\" src=\"http:\/\/mhally.fr\/wp-content\/uploads\/2024\/05\/Concert-SQG-Maurepas-FB-009-1024x683.jpg\" alt=\"\" class=\"wp-image-236\" srcset=\"https:\/\/mhally.fr\/wp-content\/uploads\/2024\/05\/Concert-SQG-Maurepas-FB-009-1024x683.jpg 1024w, https:\/\/mhally.fr\/wp-content\/uploads\/2024\/05\/Concert-SQG-Maurepas-FB-009-300x200.jpg 300w, https:\/\/mhally.fr\/wp-content\/uploads\/2024\/05\/Concert-SQG-Maurepas-FB-009-768x512.jpg 768w, https:\/\/mhally.fr\/wp-content\/uploads\/2024\/05\/Concert-SQG-Maurepas-FB-009-1536x1024.jpg 1536w, https:\/\/mhally.fr\/wp-content\/uploads\/2024\/05\/Concert-SQG-Maurepas-FB-009-1140x760.jpg 1140w, https:\/\/mhally.fr\/wp-content\/uploads\/2024\/05\/Concert-SQG-Maurepas-FB-009.jpg 2048w\" sizes=\"auto, (max-width: 1024px) 100vw, 1024px\" \/><\/figure>\n\n\n\n<figure class=\"wp-block-image size-large\"><img loading=\"lazy\" decoding=\"async\" width=\"1024\" height=\"576\" data-id=\"216\" src=\"http:\/\/mhally.fr\/wp-content\/uploads\/2024\/03\/20240316_173346-1024x576.jpg\" alt=\"\" class=\"wp-image-216\" srcset=\"https:\/\/mhally.fr\/wp-content\/uploads\/2024\/03\/20240316_173346-1024x576.jpg 1024w, https:\/\/mhally.fr\/wp-content\/uploads\/2024\/03\/20240316_173346-300x169.jpg 300w, https:\/\/mhally.fr\/wp-content\/uploads\/2024\/03\/20240316_173346-768x432.jpg 768w, https:\/\/mhally.fr\/wp-content\/uploads\/2024\/03\/20240316_173346-1536x864.jpg 1536w, https:\/\/mhally.fr\/wp-content\/uploads\/2024\/03\/20240316_173346-2048x1152.jpg 2048w, https:\/\/mhally.fr\/wp-content\/uploads\/2024\/03\/20240316_173346-1140x641.jpg 1140w\" sizes=\"auto, (max-width: 1024px) 100vw, 1024px\" \/><\/figure>\n<\/figure>\n","protected":false},"excerpt":{"rendered":"<p>Vous souhaitez f\u00e9d\u00e9rer vos \u00e9quipes et cr\u00e9er une dynamique de groupe ou f\u00e9liciter vos \u00e9quipes, Mhally vous propose des s\u00e9minaires de team building. Ils seront construits autour de diff\u00e9rentes activit\u00e9s collaboratives, de mise en place de jeux autour de la voix parl\u00e9e et\/ou chant\u00e9e, de l&rsquo;utilisation du corps dans l&rsquo;espace, du chant et de rythmes. Les ateliers seront \u00e9labor\u00e9s en fonction des besoins et objectifs d\u00e9finis au pr\u00e9alable lors d&rsquo;un entretien. Les chansons internationales (vari\u00e9t\u00e9 fran\u00e7aise et internationale, jazz, Gospel) seront les principaux supports avec \u00e9galement des cr\u00e9ations rythmiques et jeux d&rsquo;interpr\u00e9tation. Diff\u00e9rents ateliers peuvent \u00eatre initi\u00e9s : Dans diff\u00e9rents lieux : Autour de diverses th\u00e9matiques : Sur plusieurs dur\u00e9es (au minimum 1 heure) Avec pour ma\u00eetre mot bienveillance envers soi et les autres, soyez pr\u00eat\u00b7e\u00b7s \u00e0 sortir de votre zone de confort et \u00e0 bousculer l\u2019id\u00e9e que vous vous faites de vos limites et du champ des possibles pour vous. Le chant chorale quant \u00e0 lui permet de f\u00e9d\u00e9rer, de s&rsquo;exprimer, d&rsquo;ext\u00e9rioriser, de gagner en confiance en soi et de pratiquer le chant avec la force du groupe. Pour avoir quelques retour d&rsquo;exp\u00e9rience, rendez-vous ici<\/p>\n","protected":false},"author":1,"featured_media":0,"parent":0,"menu_order":0,"comment_status":"open","ping_status":"closed","template":"","meta":{"_themeisle_gutenberg_block_has_review":false,"footnotes":""},"class_list":["post-29","page","type-page","status-publish","hentry"],"_links":{"self":[{"href":"https:\/\/mhally.fr\/index.php\/wp-json\/wp\/v2\/pages\/29","targetHints":{"allow":["GET"]}}],"collection":[{"href":"https:\/\/mhally.fr\/index.php\/wp-json\/wp\/v2\/pages"}],"about":[{"href":"https:\/\/mhally.fr\/index.php\/wp-json\/wp\/v2\/types\/page"}],"author":[{"embeddable":true,"href":"https:\/\/mhally.fr\/index.php\/wp-json\/wp\/v2\/users\/1"}],"replies":[{"embeddable":true,"href":"https:\/\/mhally.fr\/index.php\/wp-json\/wp\/v2\/comments?post=29"}],"version-history":[{"count":8,"href":"https:\/\/mhally.fr\/index.php\/wp-json\/wp\/v2\/pages\/29\/revisions"}],"predecessor-version":[{"id":315,"href":"https:\/\/mhally.fr\/index.php\/wp-json\/wp\/v2\/pages\/29\/revisions\/315"}],"wp:attachment":[{"href":"https:\/\/mhally.fr\/index.php\/wp-json\/wp\/v2\/media?parent=29"}],"curies":[{"name":"wp","href":"https:\/\/api.w.org\/{rel}","templated":true}]}}