{"id":30,"date":"2024-02-22T15:07:19","date_gmt":"2024-02-22T14:07:19","guid":{"rendered":"https:\/\/mhally.fr\/?page_id=30"},"modified":"2024-09-17T17:16:34","modified_gmt":"2024-09-17T15:16:34","slug":"mhally-chante-pour-vos-evenements","status":"publish","type":"page","link":"https:\/\/mhally.fr\/index.php\/mhally-chante-pour-vos-evenements\/","title":{"rendered":"Mhally chante \u00e0 vos \u00e9v\u00e9nements"},"content":{"rendered":"\n<p>En constructions. Pour avoir les informations, rendez-vous <a href=\"https:\/\/optimhally-coaching.fr\/?page_id=306\">ici<\/a><\/p>\n\n\n\n<p><\/p>\n","protected":false},"excerpt":{"rendered":"<p>En constructions. Pour avoir les informations, rendez-vous ici<\/p>\n","protected":false},"author":1,"featured_media":0,"parent":0,"menu_order":0,"comment_status":"open","ping_status":"closed","template":"","meta":{"_themeisle_gutenberg_block_has_review":false,"footnotes":""},"class_list":["post-30","page","type-page","status-publish","hentry"],"_links":{"self":[{"href":"https:\/\/mhally.fr\/index.php\/wp-json\/wp\/v2\/pages\/30","targetHints":{"allow":["GET"]}}],"collection":[{"href":"https:\/\/mhally.fr\/index.php\/wp-json\/wp\/v2\/pages"}],"about":[{"href":"https:\/\/mhally.fr\/index.php\/wp-json\/wp\/v2\/types\/page"}],"author":[{"embeddable":true,"href":"https:\/\/mhally.fr\/index.php\/wp-json\/wp\/v2\/users\/1"}],"replies":[{"embeddable":true,"href":"https:\/\/mhally.fr\/index.php\/wp-json\/wp\/v2\/comments?post=30"}],"version-history":[{"count":5,"href":"https:\/\/mhally.fr\/index.php\/wp-json\/wp\/v2\/pages\/30\/revisions"}],"predecessor-version":[{"id":381,"href":"https:\/\/mhally.fr\/index.php\/wp-json\/wp\/v2\/pages\/30\/revisions\/381"}],"wp:attachment":[{"href":"https:\/\/mhally.fr\/index.php\/wp-json\/wp\/v2\/media?parent=30"}],"curies":[{"name":"wp","href":"https:\/\/api.w.org\/{rel}","templated":true}]}}