{"id":356,"date":"2024-09-19T11:31:18","date_gmt":"2024-09-19T09:31:18","guid":{"rendered":"https:\/\/mhally.fr\/?page_id=356"},"modified":"2024-09-19T11:31:18","modified_gmt":"2024-09-19T09:31:18","slug":"infos","status":"publish","type":"page","link":"https:\/\/mhally.fr\/index.php\/infos\/","title":{"rendered":"Infos"},"content":{"rendered":"\n<p style=\"font-size:25px\"><strong><o-anim-typing>Pourquoi adh\u00e9rer \u00e0 Entreprendre en Vexin<\/o-anim-typing><\/strong><\/p>\n\n\n\n<p><a href=\"https:\/\/www.linkedin.com\/company\/entreprendre-en-vexin\/\">Entreprendre en Vexin<\/a> est une association avec laquelle je partage les valeurs d\u2019entraide, de tutorat, d&rsquo;accompagnement, de bienveillance, d&rsquo;ouverture d&rsquo;esprit&#8230; C&rsquo;est pourquoi j&rsquo;y ai moi-m\u00eame adh\u00e9r\u00e9.<\/p>\n\n\n\n<p>Des stages, des concerts et des soir\u00e9es priv\u00e9es sont d&rsquo;ores et d\u00e9j\u00e0 planifi\u00e9s. D&rsquo;autres \u00e9v\u00e9nements suivront en fonction des demandes et des propositions \ud83d\ude09<\/p>\n\n\n\n<p>Afin de soutenir l&rsquo;association, j&rsquo;ai choisi de mettre en place des tarifs r\u00e9duits pour les adh\u00e9rant.e.s \u00e0 Entreprendre en Vexin. Le montant de l&rsquo;adh\u00e9sion \u00e9tant peu important, il sera rapidement couvert si vous participer \u00e0 des \u00e9v\u00e9nements que j&rsquo;organise en partenariat avec l&rsquo;<a href=\"https:\/\/www.facebook.com\/entreprendre.en.vexin\">association<\/a>.<\/p>\n\n\n\n<p>Pour adh\u00e9rer, c&rsquo;est <a href=\"https:\/\/www.helloasso.com\/associations\/entreprendre-en-vexin\/adhesions\/adhesion-2024\">ici<\/a><\/p>\n\n\n\n<p><\/p>\n","protected":false},"excerpt":{"rendered":"<p>Pourquoi adh\u00e9rer \u00e0 Entreprendre en Vexin Entreprendre en Vexin est une association avec laquelle je partage les valeurs d\u2019entraide, de tutorat, d&rsquo;accompagnement, de bienveillance, d&rsquo;ouverture d&rsquo;esprit&#8230; C&rsquo;est pourquoi j&rsquo;y ai moi-m\u00eame adh\u00e9r\u00e9. Des stages, des concerts et des soir\u00e9es priv\u00e9es sont d&rsquo;ores et d\u00e9j\u00e0 planifi\u00e9s. D&rsquo;autres \u00e9v\u00e9nements suivront en fonction des demandes et des propositions \ud83d\ude09 Afin de soutenir l&rsquo;association, j&rsquo;ai choisi de mettre en place des tarifs r\u00e9duits pour les adh\u00e9rant.e.s \u00e0 Entreprendre en Vexin. Le montant de l&rsquo;adh\u00e9sion \u00e9tant peu important, il sera rapidement couvert si vous participer \u00e0 des \u00e9v\u00e9nements que j&rsquo;organise en partenariat avec l&rsquo;association. Pour adh\u00e9rer, c&rsquo;est ici<\/p>\n","protected":false},"author":1,"featured_media":0,"parent":0,"menu_order":0,"comment_status":"closed","ping_status":"closed","template":"","meta":{"_themeisle_gutenberg_block_has_review":false,"footnotes":""},"class_list":["post-356","page","type-page","status-publish","hentry"],"_links":{"self":[{"href":"https:\/\/mhally.fr\/index.php\/wp-json\/wp\/v2\/pages\/356","targetHints":{"allow":["GET"]}}],"collection":[{"href":"https:\/\/mhally.fr\/index.php\/wp-json\/wp\/v2\/pages"}],"about":[{"href":"https:\/\/mhally.fr\/index.php\/wp-json\/wp\/v2\/types\/page"}],"author":[{"embeddable":true,"href":"https:\/\/mhally.fr\/index.php\/wp-json\/wp\/v2\/users\/1"}],"replies":[{"embeddable":true,"href":"https:\/\/mhally.fr\/index.php\/wp-json\/wp\/v2\/comments?post=356"}],"version-history":[{"count":1,"href":"https:\/\/mhally.fr\/index.php\/wp-json\/wp\/v2\/pages\/356\/revisions"}],"predecessor-version":[{"id":358,"href":"https:\/\/mhally.fr\/index.php\/wp-json\/wp\/v2\/pages\/356\/revisions\/358"}],"wp:attachment":[{"href":"https:\/\/mhally.fr\/index.php\/wp-json\/wp\/v2\/media?parent=356"}],"curies":[{"name":"wp","href":"https:\/\/api.w.org\/{rel}","templated":true}]}}