{"id":82,"date":"2024-02-22T15:23:39","date_gmt":"2024-02-22T14:23:39","guid":{"rendered":"https:\/\/mhally.fr\/?page_id=82"},"modified":"2024-06-16T23:33:32","modified_gmt":"2024-06-16T21:33:32","slug":"qui-suis-je","status":"publish","type":"page","link":"https:\/\/mhally.fr\/index.php\/qui-suis-je\/","title":{"rendered":"Qui suis-je&#8230;"},"content":{"rendered":"<div class=\"wp-block-image is-style-rounded\">\n<figure class=\"aligncenter size-full is-resized\" id=\"wp-block-themeisle-blocks-image-6b1f9600\"><img loading=\"lazy\" decoding=\"async\" width=\"907\" height=\"604\" src=\"http:\/\/mhally.fr\/wp-content\/uploads\/2024\/03\/2b.jpg\" alt=\"\" class=\"wp-image-117\" style=\"aspect-ratio:1;object-fit:cover;width:378px\" srcset=\"https:\/\/mhally.fr\/wp-content\/uploads\/2024\/03\/2b.jpg 907w, https:\/\/mhally.fr\/wp-content\/uploads\/2024\/03\/2b-300x200.jpg 300w, https:\/\/mhally.fr\/wp-content\/uploads\/2024\/03\/2b-768x511.jpg 768w\" sizes=\"auto, (max-width: 907px) 100vw, 907px\" \/><\/figure>\n<\/div>\n\n\n<p class=\"has-text-align-center\"><em><strong>Marie-H\u00e9l\u00e8ne Couji-Przybylek<\/strong><\/em><\/p>\n\n\n\n<p class=\"has-text-align-left\">Chanteuse dans plusieurs groupes depuis une vingtaine d&rsquo;ann\u00e9e, j&rsquo;interpr\u00e8te diff\u00e9rents genres musicaux dans le cadre d\u2019\u00e9v\u00e9nements publics ou priv\u00e9s.<\/p>\n\n\n\n<p>Par ailleurs, forte de 24 ans d&rsquo;exp\u00e9rience dans le milieu artistique dans des cadres collectifs en tant que choriste, soliste, cheffe de ch\u0153ur, coach vocale, pr\u00e9sidente d&rsquo;association et enseignante, j&rsquo;ai pu prendre conscience de l&rsquo;importance du l\u00e2cher prise, du souffle, du corps et de la voix dans la communication, le chant et l&rsquo;expressivit\u00e9.<\/p>\n\n\n\n<p><strong>Le regard m&rsquo;est apparu sans aucun doute comme un vecteur essentiel en communication non verbale et \u00e9galement dans tous les contextes d&rsquo;expressivit\u00e9.<\/strong><\/p>\n\n\n\n<p><strong>Le corps et la voix quant \u00e0 eux se sont r\u00e9v\u00e9l\u00e9s \u00eatre de toute \u00e9vidence des outils f\u00e9d\u00e9rateurs incontournables de l\u00e2cher prise.<\/strong><\/p>\n\n\n\n<p><strong>Tout en continuant \u00e0 chanter, \u00e0 me produire et \u00e0 coacher pour le chant, j&rsquo;ai donc d\u00e9velopp\u00e9 des ateliers et interventions autour de la communication verbale et non verbale \u00e0 travers le corps, notamment en y int\u00e9grant des rythmes et en explorant sa voix.<\/strong><\/p>\n\n\n\n<p><\/p>\n","protected":false},"excerpt":{"rendered":"<p>Marie-H\u00e9l\u00e8ne Couji-Przybylek Chanteuse dans plusieurs groupes depuis une vingtaine d&rsquo;ann\u00e9e, j&rsquo;interpr\u00e8te diff\u00e9rents genres musicaux dans le cadre d\u2019\u00e9v\u00e9nements publics ou priv\u00e9s. Par ailleurs, forte de 24 ans d&rsquo;exp\u00e9rience dans le milieu artistique dans des cadres collectifs en tant que choriste, soliste, cheffe de ch\u0153ur, coach vocale, pr\u00e9sidente d&rsquo;association et enseignante, j&rsquo;ai pu prendre conscience de l&rsquo;importance du l\u00e2cher prise, du souffle, du corps et de la voix dans la communication, le chant et l&rsquo;expressivit\u00e9. Le regard m&rsquo;est apparu sans aucun doute comme un vecteur essentiel en communication non verbale et \u00e9galement dans tous les contextes d&rsquo;expressivit\u00e9. Le corps et la voix quant \u00e0 eux se sont r\u00e9v\u00e9l\u00e9s \u00eatre de toute \u00e9vidence des outils f\u00e9d\u00e9rateurs incontournables de l\u00e2cher prise. Tout en continuant \u00e0 chanter, \u00e0 me produire et \u00e0 coacher pour le chant, j&rsquo;ai donc d\u00e9velopp\u00e9 des ateliers et interventions autour de la communication verbale et non verbale \u00e0 travers le corps, notamment en y int\u00e9grant des rythmes et en explorant sa voix.<\/p>\n","protected":false},"author":1,"featured_media":0,"parent":0,"menu_order":0,"comment_status":"closed","ping_status":"closed","template":"","meta":{"_themeisle_gutenberg_block_has_review":false,"footnotes":""},"class_list":["post-82","page","type-page","status-publish","hentry"],"_links":{"self":[{"href":"https:\/\/mhally.fr\/index.php\/wp-json\/wp\/v2\/pages\/82","targetHints":{"allow":["GET"]}}],"collection":[{"href":"https:\/\/mhally.fr\/index.php\/wp-json\/wp\/v2\/pages"}],"about":[{"href":"https:\/\/mhally.fr\/index.php\/wp-json\/wp\/v2\/types\/page"}],"author":[{"embeddable":true,"href":"https:\/\/mhally.fr\/index.php\/wp-json\/wp\/v2\/users\/1"}],"replies":[{"embeddable":true,"href":"https:\/\/mhally.fr\/index.php\/wp-json\/wp\/v2\/comments?post=82"}],"version-history":[{"count":8,"href":"https:\/\/mhally.fr\/index.php\/wp-json\/wp\/v2\/pages\/82\/revisions"}],"predecessor-version":[{"id":298,"href":"https:\/\/mhally.fr\/index.php\/wp-json\/wp\/v2\/pages\/82\/revisions\/298"}],"wp:attachment":[{"href":"https:\/\/mhally.fr\/index.php\/wp-json\/wp\/v2\/media?parent=82"}],"curies":[{"name":"wp","href":"https:\/\/api.w.org\/{rel}","templated":true}]}}